{"id":343,"date":"2019-10-08T19:30:05","date_gmt":"2019-10-08T16:30:05","guid":{"rendered":"https:\/\/lemma.ee\/%d0%bf%d0%be%d0%bb%d0%b8%d1%82%d0%b8%d0%ba%d0%b0-%d0%ba%d0%be%d0%bd%d1%84%d0%b8%d0%b4%d0%b5%d0%bd%d1%86%d0%b8%d0%b0%d0%bb%d1%8c%d0%bd%d0%be%d1%81%d1%82%d0%b8\/"},"modified":"2019-10-08T19:30:05","modified_gmt":"2019-10-08T16:30:05","slug":"%d0%bf%d0%be%d0%bb%d0%b8%d1%82%d0%b8%d0%ba%d0%b0-%d0%ba%d0%be%d0%bd%d1%84%d0%b8%d0%b4%d0%b5%d0%bd%d1%86%d0%b8%d0%b0%d0%bb%d1%8c%d0%bd%d0%be%d1%81%d1%82%d0%b8","status":"publish","type":"page","link":"https:\/\/lemma.ee\/ru\/%d0%bf%d0%be%d0%bb%d0%b8%d1%82%d0%b8%d0%ba%d0%b0-%d0%ba%d0%be%d0%bd%d1%84%d0%b8%d0%b4%d0%b5%d0%bd%d1%86%d0%b8%d0%b0%d0%bb%d1%8c%d0%bd%d0%be%d1%81%d1%82%d0%b8\/","title":{"rendered":"\u041f\u043e\u043b\u0438\u0442\u0438\u043a\u0430 \u043a\u043e\u043d\u0444\u0438\u0434\u0435\u043d\u0446\u0438\u0430\u043b\u044c\u043d\u043e\u0441\u0442\u0438"},"content":{"rendered":"<p><strong>K\u00fcpsised<\/strong><\/p>\n<p>LEMMA O\u00dc kasutab oma veebilehel k\u00fcpsiseid (ing k cookies). K\u00fcpsised on v\u00e4ikesemahulised tekstifailid, mida s\u00e4ilitatakse kasutaja seadmes (n\u00e4iteks arvutis, tahvelarvutis v\u00f5i mobiiltelefonis), kui k\u00fclastad veebilehti. See t\u00e4hendab, et korduvk\u00fclastuse korral loeb k\u00fclastaja veebibrauser varem salvestatud k\u00fcpsist ja annab info tagasi veebilehele, mis algselt k\u00fcpsise paigaldas. K\u00fcpsised ei ohusta veebilehe k\u00fclastaja arvutit mingil moel. K\u00fcpsiste kohta saate lisateavet veebilehel <a href=\"http:\/\/www.aki.ee\/et\/k\u00fcpsised\">www.aki.ee\/et\/k\u00fcpsised<\/a><\/p>\n<p>K\u00fcpsised aitavad meil n\u00e4iteks saada infot selle kohta, kas k\u00fclastaja on meie lehel uus v\u00f5i on seda varem k\u00fclastanud.<\/p>\n<p>LEMMA O\u00dc veebilehel kasutatakse kuni kolme t\u00fc\u00fcpi k\u00fcpsiseid.<\/p>\n<ul>\n<li>Anal\u00fc\u00fctilised k\u00fcpsised, mis koguvad teavet selle kohta, kuidas v\u00f5rgulehte kasutatakse.<\/li>\n<li>Autentimise k\u00fcpsised, mis v\u00f5imaldavad v\u00f5rgulehel meeles pidada kasutaja tehtud valikuid (n\u00e4iteks keel)<\/li>\n<li>Reklaamik\u00fcpsised, mida v\u00f5rgulehed kasutavad kasutaja huvidele sihitud reklaamide pakkumiseks. K\u00fcpsised reguleerivad, mitu korda kasutaja konkreetset reklaami n\u00e4eb ning aitavad \u00fchtlasi m\u00f5\u00f5ta reklaamikampaania t\u00f5husust.<\/li>\n<\/ul>\n<p>Meie kodulehel saate alati ise otsustada, kas k\u00fcpsised oma veebilehitsejas lubada v\u00f5i mitte. Kui te k\u00fcpsiseid ei soovi, v\u00f5ite seadistada oma veebilehitseja nii, et see keelab automaatselt k\u00fcpsised \u00e4ra v\u00f5i teatab teile iga kord, kui veebileht palub luba k\u00fcpsise lisamiseks. Vajalike seadistuste tegemiseks palun vaadake oma veebilehitseja abi funktsiooni.<\/p>\n<p>K\u00fcpsiste kasutamisest keeldumine ei piira kasutaja kodulehe kasutusv\u00f5imalusi.<\/p>\n<p><strong>LEMMA O\u00dc poolt t\u00f6\u00f6deldavad isikuandmed ja nende kasutamine.<\/strong><\/p>\n<p>Kogutavad andmed on j\u00e4rgmised:<\/p>\n<ul>\n<li>Kontaktanded: nimi, postiaadress, e-posti aadress, telefoninumber.<\/li>\n<li>P\u00e4ringu ja t\u00f6\u00f6v\u00f5tulepingute vormi t\u00e4itmise k\u00e4igus ja e-kirja saates tekkivad andmed: ettev\u00f5tte v\u00f5i eraisiku nimi, isikukood\/registrikood, e-posti aadress, k\u00e4ibemaksukohuslase nr, juriidiline aadress, kliendi p\u00e4ringuvormis edastatud andmed, e-kirjaga saadetud andmed.<\/li>\n<li>Automaatselt kogutavad andmed: kasutaja veebibrauserilt saadud andmed, seadme t\u00fc\u00fcp, suhtluskeel, suunava veebisaidi aadress, milliseid sisulehti kasutaja uuris, kaua teatud lehtedel viibis, kasutaja IP-aadress jt kodulehestatistikat kajastavad andmed.<\/li>\n<\/ul>\n<p>LEMMA O\u00dc ei edasta kliendi andmeid v\u00e4ljapoole Euroopa (EU) Majanduspiirkonda ja ei jaga isikuandmeid kolmandatele osapooltele (va j\u00e4rgmises punktis v\u00e4lja toodud tingimustel). K\u00f5iki andmeid kasutatakse ainult kliendisuhtluseks ja teenusearenduse eesm\u00e4rgil.<\/p>\n<p>Isikuandmeid v\u00f5ime jagada j\u00e4rgmistel juhtudel: v\u00f5lgade sisse n\u00f5udmisel, riiklike j\u00e4relevalve asutuste p\u00e4ringud, kliendi n\u00f5usolekul<\/p>\n<p>LEMMA O\u00dc s\u00e4ilitab isikuandmeid nii kaua, kuni see on nende kogumise eesm\u00e4rgi saavutamiseks vajalik. Andmete s\u00e4ilitamise t\u00e4htaeg s\u00f5ltub ka vajadusest vastata andmesubjektide p\u00e4ringutele, lahendada erinevaid probleeme ja vajadust t\u00e4ita seadusej\u00e4rgseid dokumentide s\u00e4ilitamise n\u00f5udeid.<\/p>\n<p>Isikuandmete turvalisuse koha pealt p\u00fc\u00fcame teha k\u00f5ik v\u00f5imaliku, et v\u00e4ltida andmetele loata juurdep\u00e4\u00e4su..<\/p>\n<p>Kui on k\u00fcsimusi Teie isikuandmete s\u00e4ilitamise v\u00f5i turvalisuse kohta, siis palun kirjutada piret@lemma.ee.<\/p>\n","protected":false},"excerpt":{"rendered":"<p>K\u00fcpsised LEMMA O\u00dc kasutab oma veebilehel k\u00fcpsiseid (ing k cookies). K\u00fcpsised on v\u00e4ikesemahulised tekstifailid, mida s\u00e4ilitatakse kasutaja seadmes (n\u00e4iteks arvutis, tahvelarvutis v\u00f5i mobiiltelefonis), kui k\u00fclastad veebilehti. See t\u00e4hendab, et korduvk\u00fclastuse korral loeb k\u00fclastaja veebibrauser varem salvestatud k\u00fcpsist ja annab info tagasi veebilehele, mis algselt k\u00fcpsise paigaldas. K\u00fcpsised ei ohusta veebilehe k\u00fclastaja arvutit mingil moel. K\u00fcpsiste [&hellip;]<\/p>\n","protected":false},"author":2,"featured_media":0,"parent":0,"menu_order":0,"comment_status":"closed","ping_status":"closed","template":"","meta":{"_seopress_robots_primary_cat":"","_seopress_titles_title":"","_seopress_titles_desc":"","_seopress_robots_index":"","site-sidebar-layout":"default","site-content-layout":"","ast-site-content-layout":"","site-content-style":"default","site-sidebar-style":"default","ast-global-header-display":"","ast-banner-title-visibility":"","ast-main-header-display":"","ast-hfb-above-header-display":"","ast-hfb-below-header-display":"","ast-hfb-mobile-header-display":"","site-post-title":"","ast-breadcrumbs-content":"","ast-featured-img":"","footer-sml-layout":"","theme-transparent-header-meta":"","adv-header-id-meta":"","stick-header-meta":"","header-above-stick-meta":"","header-main-stick-meta":"","header-below-stick-meta":"","astra-migrate-meta-layouts":"default","ast-page-background-enabled":"default","ast-page-background-meta":{"desktop":{"background-color":"var(--ast-global-color-4)","background-image":"","background-repeat":"repeat","background-position":"center center","background-size":"auto","background-attachment":"scroll","background-type":"","background-media":"","overlay-type":"","overlay-color":"","overlay-opacity":"","overlay-gradient":""},"tablet":{"background-color":"","background-image":"","background-repeat":"repeat","background-position":"center center","background-size":"auto","background-attachment":"scroll","background-type":"","background-media":"","overlay-type":"","overlay-color":"","overlay-opacity":"","overlay-gradient":""},"mobile":{"background-color":"","background-image":"","background-repeat":"repeat","background-position":"center center","background-size":"auto","background-attachment":"scroll","background-type":"","background-media":"","overlay-type":"","overlay-color":"","overlay-opacity":"","overlay-gradient":""}},"ast-content-background-meta":{"desktop":{"background-color":"var(--ast-global-color-5)","background-image":"","background-repeat":"repeat","background-position":"center center","background-size":"auto","background-attachment":"scroll","background-type":"","background-media":"","overlay-type":"","overlay-color":"","overlay-opacity":"","overlay-gradient":""},"tablet":{"background-color":"var(--ast-global-color-5)","background-image":"","background-repeat":"repeat","background-position":"center center","background-size":"auto","background-attachment":"scroll","background-type":"","background-media":"","overlay-type":"","overlay-color":"","overlay-opacity":"","overlay-gradient":""},"mobile":{"background-color":"var(--ast-global-color-5)","background-image":"","background-repeat":"repeat","background-position":"center center","background-size":"auto","background-attachment":"scroll","background-type":"","background-media":"","overlay-type":"","overlay-color":"","overlay-opacity":"","overlay-gradient":""}},"footnotes":""},"class_list":["post-343","page","type-page","status-publish","hentry"],"_links":{"self":[{"href":"https:\/\/lemma.ee\/ru\/wp-json\/wp\/v2\/pages\/343","targetHints":{"allow":["GET"]}}],"collection":[{"href":"https:\/\/lemma.ee\/ru\/wp-json\/wp\/v2\/pages"}],"about":[{"href":"https:\/\/lemma.ee\/ru\/wp-json\/wp\/v2\/types\/page"}],"author":[{"embeddable":true,"href":"https:\/\/lemma.ee\/ru\/wp-json\/wp\/v2\/users\/2"}],"replies":[{"embeddable":true,"href":"https:\/\/lemma.ee\/ru\/wp-json\/wp\/v2\/comments?post=343"}],"version-history":[{"count":0,"href":"https:\/\/lemma.ee\/ru\/wp-json\/wp\/v2\/pages\/343\/revisions"}],"wp:attachment":[{"href":"https:\/\/lemma.ee\/ru\/wp-json\/wp\/v2\/media?parent=343"}],"curies":[{"name":"wp","href":"https:\/\/api.w.org\/{rel}","templated":true}]}}